{"id":6534,"date":"2025-03-21T15:22:48","date_gmt":"2025-03-21T14:22:48","guid":{"rendered":"https:\/\/editionueberland.de\/?post_type=product&#038;p=6534"},"modified":"2025-07-07T19:34:41","modified_gmt":"2025-07-07T17:34:41","slug":"o-decker-f-kalkstein-j-kiess-p-kocyba-hg-demokratie-in-sachsen-efbi-2024","status":"publish","type":"product","link":"https:\/\/editionueberland.de\/en\/shop\/o-decker-f-kalkstein-j-kiess-p-kocyba-hg-demokratie-in-sachsen-efbi-2024\/","title":{"rendered":"O. Decker, F. Kalkstein, J. Kiess, P. Kocyba (Hg.): \u00bbDemokratie in Sachsen \u2013 EFBI 2024\u00ab"},"content":{"rendered":"<p>Welche Spuren hat das \u00bbSuperwahljahr 2024\u00ab in Sachsen hinterlassen? Wof\u00fcr gingen Menschen bei Demonstrationen auf die Stra\u00dfe? Was kann Demokratisierung voranbringen? Im vierten Jahrbuch des Else-Frenkel-Brunswik-Instituts liefern Forscher, Mitglieder der s\u00e4chsischen Zivilgesellschaft, Journalistinnen und K\u00fcnstlerinnen vielf\u00e4ltige Perspektiven, Befunde und Analysen.<\/p>\n<p>Mit Fotografien der Leipziger K\u00fcnstlerin Iona Dutz.<\/p>\n<p><!--\n\n\n<h3 id=\"stimmen\">Pressestimmen zu \u00bbDemokratie in Sachsen\u00ab<\/h3>\n\n\n\n\n<blockquote>Zitat <cite>Quelle, Datum<\/cite><\/blockquote>\n\n\n--><\/p>\n<h3>Zu den Herausgeber:innen<\/h3>\n<figure id=\"attachment_3196\" aria-describedby=\"caption-attachment-3196\" style=\"width: 300px\" class=\"wp-caption alignleft\"><img loading=\"lazy\" class=\"size-medium wp-image-3196\" src=\"https:\/\/editionueberland.de\/wp-content\/uploads\/2022\/02\/Kalkstein-Becker-Kiess_web-300x148.jpg\" alt=\"\" width=\"300\" height=\"148\" srcset=\"https:\/\/editionueberland.de\/wp-content\/uploads\/2022\/02\/Kalkstein-Becker-Kiess_web-300x148.jpg 300w, https:\/\/editionueberland.de\/wp-content\/uploads\/2022\/02\/Kalkstein-Becker-Kiess_web-1024x506.jpg 1024w, https:\/\/editionueberland.de\/wp-content\/uploads\/2022\/02\/Kalkstein-Becker-Kiess_web-768x380.jpg 768w, https:\/\/editionueberland.de\/wp-content\/uploads\/2022\/02\/Kalkstein-Becker-Kiess_web-101x50.jpg 101w, https:\/\/editionueberland.de\/wp-content\/uploads\/2022\/02\/Kalkstein-Becker-Kiess_web-600x297.jpg 600w, https:\/\/editionueberland.de\/wp-content\/uploads\/2022\/02\/Kalkstein-Becker-Kiess_web.jpg 1110w\" sizes=\"(max-width: 300px) 100vw, 300px\" \/><figcaption id=\"caption-attachment-3196\" class=\"wp-caption-text\">Fiona Kalkstein, Oliver Decker, Johannes Kiess<\/figcaption><\/figure>\n<p><strong>Prof. Dr. phil. Oliver Decker<\/strong> ist Direktor des Else-Frenkel-Brunswik-Instituts f\u00fcr Demokratieforschung in Sachsen an der Universit\u00e4t Leipzig. Er ist au\u00dferdem Professor f\u00fcr Sozialpsychologie an der Sigmund Freud Privatuniversit\u00e4t Berlin. Seit 2002 leitet er zusammen mit Prof. Dr. Elmar Br\u00e4hler die Leipziger Autoritarismus Studien (LAS) in Deutschland (bis 2018 Leipziger \u201eMitte\u201c-Studien).<\/p>\n<p><strong>Dr. phil. Fiona Kalkstein<\/strong> ist Diplom-Psychologin und stellvertretende Leiterin am Else-Frenkel-Brunswik-Institut in Leipzig. Ihre Forschungsschwerpunkte sind Kritische Psychologie, materialistischer Feminismus\/Intersektionalit\u00e4t und qualitative Forschungsmethoden.<\/p>\n<p><strong>Dr. phil. Johannes Kiess<\/strong> ist stellvertretender Direktor des Else-Frenkel-Brunswik-Instituts und wissenschaftlicher Mitarbeiter am Lehrstuhl f\u00fcr Vergleichende Kultursoziologie und politische Soziologie Europas an der Universit\u00e4t Siegen. Schwerpunkt seiner Forschung sind die Entstehung und Verbreitung politischer Einstellungen und Mobilisierung.<\/p>\n<p><strong>Dr. phil. Piotr Kocyba<\/strong> ist wissenschaftlicher Mitarbeiter am Else-Frenkel-Brunswik-Institut, forscht schwerpunktm\u00e4\u00dfig zu rechten Protestmobilisierungen und zur illiberalen Zivilgesellschaft mit einem Fokus auf Ostdeutschland und das \u00f6stliche Europa.<\/p>\n<h3>Die Fotografin<\/h3>\n<p><strong>Iona Dutz<\/strong><\/p>\n<p>&nbsp;<\/p>\n","protected":false},"excerpt":{"rendered":"<h3>Jahrbuch des Else-Frenkel-Brunswik-Instituts f\u00fcr 2024<\/h3>\n <a href=\"https:\/\/editionueberland.de\/en\/shop\/o-decker-f-kalkstein-j-kiess-p-kocyba-hg-demokratie-in-sachsen-efbi-2024\/\" title=\"O. Decker, F. Kalkstein, J. Kiess, P. Kocyba (Hg.): \u00bbDemokratie in Sachsen \u2013 EFBI 2024\u00ab\" class=\"entry-more-link\"><span>Read More<\/span> <span class=\"screen-reader-text\">O. Decker, F. Kalkstein, J. Kiess, P. Kocyba (Hg.): \u00bbDemokratie in Sachsen \u2013 EFBI 2024\u00ab<\/span><\/a>","protected":false},"featured_media":6537,"template":"","meta":{"Layout":""},"product_cat":[163,221],"product_tag":[],"_links":{"self":[{"href":"https:\/\/editionueberland.de\/en\/wp-json\/wp\/v2\/product\/6534"}],"collection":[{"href":"https:\/\/editionueberland.de\/en\/wp-json\/wp\/v2\/product"}],"about":[{"href":"https:\/\/editionueberland.de\/en\/wp-json\/wp\/v2\/types\/product"}],"wp:featuredmedia":[{"embeddable":true,"href":"https:\/\/editionueberland.de\/en\/wp-json\/wp\/v2\/media\/6537"}],"wp:attachment":[{"href":"https:\/\/editionueberland.de\/en\/wp-json\/wp\/v2\/media?parent=6534"}],"wp:term":[{"taxonomy":"product_cat","embeddable":true,"href":"https:\/\/editionueberland.de\/en\/wp-json\/wp\/v2\/product_cat?post=6534"},{"taxonomy":"product_tag","embeddable":true,"href":"https:\/\/editionueberland.de\/en\/wp-json\/wp\/v2\/product_tag?post=6534"}],"curies":[{"name":"wp","href":"https:\/\/api.w.org\/{rel}","templated":true}]}}